{"id":103,"date":"2023-05-18T15:04:33","date_gmt":"2023-05-18T15:04:33","guid":{"rendered":"https:\/\/getdigital.cl\/?page_id=103"},"modified":"2024-06-06T03:42:21","modified_gmt":"2024-06-06T03:42:21","slug":"contacto","status":"publish","type":"page","link":"https:\/\/getdigital.cl\/index.php\/contacto\/","title":{"rendered":"Contacto"},"content":{"rendered":"<div id=\"Formulario\" class=\"fusion-container-anchor\"><section class=\"fusion-fullwidth fullwidth-box fusion-builder-row-1 fusion-flex-container has-pattern-background has-mask-background nonhundred-percent-fullwidth non-hundred-percent-height-scrolling\" style=\"--awb-border-radius-top-left:0px;--awb-border-radius-top-right:0px;--awb-border-radius-bottom-right:0px;--awb-border-radius-bottom-left:0px;--awb-margin-top:10%;--awb-flex-wrap:wrap;\" id=\"#Formaulario\" ><div class=\"fusion-builder-row fusion-row fusion-flex-align-items-flex-start fusion-flex-content-wrap\" style=\"max-width:1248px;margin-left: calc(-4% \/ 2 );margin-right: calc(-4% \/ 2 );\"><div class=\"fusion-layout-column fusion_builder_column fusion-builder-column-0 fusion_builder_column_1_5 1_5 fusion-flex-column\" style=\"--awb-bg-size:cover;--awb-width-large:20%;--awb-margin-top-large:0px;--awb-spacing-right-large:9.6%;--awb-margin-bottom-large:0px;--awb-spacing-left-large:9.6%;--awb-width-medium:20%;--awb-order-medium:0;--awb-spacing-right-medium:9.6%;--awb-spacing-left-medium:9.6%;--awb-width-small:100%;--awb-order-small:0;--awb-spacing-right-small:1.92%;--awb-spacing-left-small:1.92%;\"><div class=\"fusion-column-wrapper fusion-column-has-shadow fusion-flex-justify-content-flex-start fusion-content-layout-column\"><\/div><\/div><div class=\"fusion-layout-column fusion_builder_column fusion-builder-column-1 fusion_builder_column_3_5 3_5 fusion-flex-column\" style=\"--awb-bg-size:cover;--awb-width-large:60%;--awb-margin-top-large:0px;--awb-spacing-right-large:3.2%;--awb-margin-bottom-large:0px;--awb-spacing-left-large:3.2%;--awb-width-medium:60%;--awb-order-medium:0;--awb-spacing-right-medium:3.2%;--awb-spacing-left-medium:3.2%;--awb-width-small:100%;--awb-order-small:0;--awb-margin-top-small:24px;--awb-spacing-right-small:1.92%;--awb-spacing-left-small:1.92%;\"><div class=\"fusion-column-wrapper fusion-column-has-shadow fusion-flex-justify-content-flex-start fusion-content-layout-column\"><div class=\"fusion-form fusion-form-builder fusion-form-form-wrapper fusion-form-946 Contact form-contact page has-icon-alignment\" style=\"--awb-tooltip-text-color:#ffffff;--awb-tooltip-background-color:#333333;--awb-form-input-height:60px;--awb-form-bg-color:rgba(255,255,255,0);--awb-form-select-bg:var(--awb-color8);--awb-label-font-size:16px;--awb-form-font-size:14px;--awb-form-placeholder-color:hsla(var(--awb-color1-h),var(--awb-color1-s),var(--awb-color1-l),calc(var(--awb-color1-a) - 50%));--awb-form-text-color:var(--awb-color1);--awb-form-label-color:#ffffff;--awb-form-border-width-top:0px;--awb-form-border-width-right:0px;--awb-form-border-width-left:0px;--awb-form-border-color:rgba(255,255,255,0.5);--awb-form-focus-border-color:#51abff;--awb-form-focus-border-hover-color:rgba(81,171,255,0.5);--awb-form-border-radius:0px;--awb-icon-alignment-top:0px;--awb-icon-alignment-bottom:1px;--awb-icon-alignment-font-size:14px;\" data-form-id=\"946\" data-config=\"{&quot;form_id&quot;:&quot;946&quot;,&quot;form_post_id&quot;:&quot;946&quot;,&quot;post_id&quot;:103,&quot;form_type&quot;:&quot;ajax&quot;,&quot;confirmation_type&quot;:&quot;message&quot;,&quot;redirect_url&quot;:&quot;&quot;,&quot;field_labels&quot;:{&quot;first_name&quot;:&quot;Nombre&quot;,&quot;Ingrese&quot;:&quot;N\\u00famero de contacto telef\\u00f3nico&quot;,&quot;selecciona_servicio&quot;:&quot;Selecciona servicio&quot;,&quot;email_address&quot;:&quot;E-mail&quot;,&quot;subject&quot;:&quot;Empresa&quot;,&quot;mensaje&quot;:&quot;Mensaje&quot;},&quot;field_logics&quot;:{&quot;first_name&quot;:&quot;[]&quot;,&quot;Ingrese&quot;:&quot;&quot;,&quot;selecciona_servicio&quot;:&quot;&quot;,&quot;email_address&quot;:&quot;[{\\&quot;operator\\&quot;:\\&quot;and\\&quot;,\\&quot;comparison\\&quot;:\\&quot;equal\\&quot;,\\&quot;field\\&quot;:null,\\&quot;value\\&quot;:\\&quot;\\&quot;}]&quot;,&quot;subject&quot;:&quot;&quot;,&quot;mensaje&quot;:&quot;&quot;,&quot;notice_1&quot;:&quot;[]&quot;},&quot;field_types&quot;:{&quot;first_name&quot;:&quot;text&quot;,&quot;Ingrese&quot;:&quot;text&quot;,&quot;selecciona_servicio&quot;:&quot;select&quot;,&quot;email_address&quot;:&quot;text&quot;,&quot;subject&quot;:&quot;text&quot;,&quot;mensaje&quot;:&quot;textarea&quot;,&quot;submit_1&quot;:&quot;submit&quot;,&quot;notice_1&quot;:&quot;notice&quot;},&quot;nonce_method&quot;:&quot;ajax&quot;}\"><form action=\"https:\/\/getdigital.cl\/index.php\/contacto\/\" method=\"post\" class=\"fusion-form fusion-form-946\"><div class=\"fusion-fullwidth fullwidth-box fusion-builder-row-1-1 fusion-flex-container has-pattern-background has-mask-background nonhundred-percent-fullwidth non-hundred-percent-height-scrolling\" style=\"--awb-border-radius-top-left:0px;--awb-border-radius-top-right:0px;--awb-border-radius-bottom-right:0px;--awb-border-radius-bottom-left:0px;--awb-padding-right-small:0px;--awb-padding-left-small:0px;--awb-flex-wrap:wrap;\" ><div class=\"fusion-builder-row fusion-row fusion-flex-align-items-flex-start fusion-flex-content-wrap\" style=\"width:104% !important;max-width:104% !important;margin-left: calc(-4% \/ 2 );margin-right: calc(-4% \/ 2 );\"><div class=\"fusion-layout-column fusion_builder_column fusion-builder-column-2 fusion_builder_column_1_1 1_1 fusion-flex-column\" style=\"--awb-padding-top:16px;--awb-bg-size:cover;--awb-width-large:100%;--awb-margin-top-large:0px;--awb-spacing-right-large:1.92%;--awb-margin-bottom-large:0px;--awb-spacing-left-large:1.92%;--awb-width-medium:100%;--awb-order-medium:0;--awb-spacing-right-medium:1.92%;--awb-spacing-left-medium:1.92%;--awb-width-small:100%;--awb-order-small:0;--awb-spacing-right-small:1.92%;--awb-spacing-left-small:0%;\"><div class=\"fusion-column-wrapper fusion-column-has-shadow fusion-flex-justify-content-flex-start fusion-content-layout-column\"><div class=\"fusion-title title fusion-title-1 fusion-sep-none fusion-title-text fusion-title-size-two\"><h2 class=\"fusion-title-heading title-heading-left sm-text-align-center fusion-responsive-typography-calculated\" style=\"margin:0;text-transform:none;--fontSize:46;line-height:1.15;\"><div style=\"text-align: center;\"><span style=\"color: var(--awb-text-color); font-family: var(--h2_typography-font-family); font-size: 1em; font-style: var(--h2_typography-font-style,normal); font-weight: var(--h2_typography-font-weight); letter-spacing: var(--h2_typography-letter-spacing); background-color: var(--awb-bg-color);\">Cuent\u00e1nos de tu proyecto<\/span><\/div><\/h2><\/div><\/div><\/div><div class=\"fusion-layout-column fusion_builder_column fusion-builder-column-3 fusion_builder_column_1_2 1_2 fusion-flex-column\" style=\"--awb-padding-left-small:0px;--awb-bg-size:cover;--awb-width-large:50%;--awb-margin-top-large:0px;--awb-spacing-right-large:3.84%;--awb-margin-bottom-large:0px;--awb-spacing-left-large:3.84%;--awb-width-medium:50%;--awb-order-medium:0;--awb-spacing-right-medium:3.84%;--awb-spacing-left-medium:3.84%;--awb-width-small:100%;--awb-order-small:0;--awb-spacing-right-small:0%;--awb-spacing-left-small:0%;\"><div class=\"fusion-column-wrapper fusion-column-has-shadow fusion-flex-justify-content-flex-start fusion-content-layout-column\"><div class=\"fusion-form-field fusion-form-text-field fusion-form-label-above\" style=\"\" data-form-id=\"946\"><div class=\"fusion-form-label-wrapper\"><label for=\"first_name\">Nombre<\/label><\/div><input type=\"text\" name=\"first_name\" id=\"first_name\" value=\"\"  class=\"fusion-form-input\" placeholder=\"Ingrese su nombre\" data-holds-private-data=\"false\" minlength=\"0\"\/><\/div><div class=\"fusion-form-field fusion-form-text-field fusion-form-label-above\" style=\"\" data-form-id=\"946\"><div class=\"fusion-form-label-wrapper\"><label for=\"Ingrese\">N\u00famero de contacto telef\u00f3nico<\/label><\/div><input type=\"text\" name=\"Ingrese\" id=\"Ingrese\" value=\"\"  class=\"fusion-form-input\" placeholder=\"Ingrese n\u00famero de tel\u00e9fono\" data-holds-private-data=\"false\" minlength=\"0\"\/><\/div><div class=\"fusion-form-field fusion-form-select-field fusion-form-label-above\" style=\"\" data-form-id=\"946\"><label for=\"selecciona_servicio\">Selecciona servicio <abbr class=\"fusion-form-element-required\" title=\"required\">*<\/abbr><\/label><div class=\"fusion-select-wrapper\"><select tabindex=\"\" id=\"selecciona_servicio\" name=\"selecciona_servicio\" class=\"fusion-form-input\" required=\"true\" aria-required=\"true\" data-holds-private-data=\"false\"><option value=\"\" disabled selected>Selecciona los servicios que necesitas para tu proyecto<\/option><option value=\"Dise\u00f1o y desarrollo web\" >Dise\u00f1o y desarrollo web<\/option><option value=\"Consultoria UX\/UI\" >Consultoria UX\/UI<\/option><option value=\"Dise\u00f1o de producto o servicio digital\" >Dise\u00f1o de producto o servicio digital<\/option><\/select><div class=\"select-arrow\"><svg width=\"12\" height=\"8\" viewBox=\"0 0 12 8\" fill=\"none\" xmlns=\"http:\/\/www.w3.org\/2000\/svg\"> <path d=\"M1.5 1.75L6 6.25L10.5 1.75\" stroke=\"#6D6D6D\" stroke-width=\"2\" stroke-linecap=\"round\" stroke-linejoin=\"round\"\/> <\/svg><\/div><\/div><\/div><\/div><\/div><div class=\"fusion-layout-column fusion_builder_column fusion-builder-column-4 fusion_builder_column_1_2 1_2 fusion-flex-column\" style=\"--awb-padding-right-small:0px;--awb-bg-size:cover;--awb-width-large:50%;--awb-margin-top-large:0px;--awb-spacing-right-large:3.84%;--awb-margin-bottom-large:0px;--awb-spacing-left-large:3.84%;--awb-width-medium:50%;--awb-order-medium:0;--awb-spacing-right-medium:3.84%;--awb-spacing-left-medium:3.84%;--awb-width-small:100%;--awb-order-small:0;--awb-spacing-right-small:0%;--awb-spacing-left-small:0%;\"><div class=\"fusion-column-wrapper fusion-column-has-shadow fusion-flex-justify-content-flex-start fusion-content-layout-column\"><div class=\"fusion-form-field fusion-form-text-field fusion-form-label-above fusion-form-field-hidden\" style=\"\" data-form-id=\"946\"><div class=\"fusion-form-label-wrapper\"><label for=\"email_address\">E-mail <abbr class=\"fusion-form-element-required\" title=\"required\">*<\/abbr><\/label><\/div><input type=\"text\" name=\"email_address\" id=\"email_address\" value=\"\"  class=\"fusion-form-input\" required=\"true\" aria-required=\"true\" placeholder=\"Ingrese su e-mail*\" data-holds-private-data=\"false\" minlength=\"0\"\/><\/div><div class=\"fusion-form-field fusion-form-text-field fusion-form-label-above\" style=\"\" data-form-id=\"946\"><div class=\"fusion-form-label-wrapper\"><label for=\"subject\">Empresa<\/label><\/div><input type=\"text\" name=\"subject\" id=\"subject\" value=\"\"  class=\"fusion-form-input\" placeholder=\"Ingrese el nombre de su empresa\" data-holds-private-data=\"false\" minlength=\"0\"\/><\/div><\/div><\/div><div class=\"fusion-layout-column fusion_builder_column fusion-builder-column-5 fusion_builder_column_1_1 1_1 fusion-flex-column\" style=\"--awb-padding-left-small:0px;--awb-bg-size:cover;--awb-width-large:100%;--awb-margin-top-large:0px;--awb-spacing-right-large:1.92%;--awb-margin-bottom-large:0px;--awb-spacing-left-large:1.92%;--awb-width-medium:100%;--awb-order-medium:0;--awb-spacing-right-medium:1.92%;--awb-spacing-left-medium:1.92%;--awb-width-small:100%;--awb-order-small:0;--awb-spacing-right-small:0%;--awb-spacing-left-small:0%;\"><div class=\"fusion-column-wrapper fusion-column-has-shadow fusion-flex-justify-content-flex-start fusion-content-layout-column\"><div class=\"fusion-form-field fusion-form-textarea-field fusion-form-label-above\" style=\"\" data-form-id=\"946\"><label for=\"mensaje\">Mensaje<\/label><textarea cols=\"40\"  minlength=\"0\"  rows=\"4\" tabindex=\"\" id=\"mensaje\" name=\"mensaje\" class=\"fusion-form-input\" placeholder=\"Escriba un mensaje\" data-holds-private-data=\"false\"><\/textarea><\/div><\/div><\/div><\/div><\/div><div class=\"fusion-fullwidth fullwidth-box fusion-builder-row-1-2 fusion-flex-container has-pattern-background has-mask-background nonhundred-percent-fullwidth non-hundred-percent-height-scrolling\" style=\"--awb-border-radius-top-left:0px;--awb-border-radius-top-right:0px;--awb-border-radius-bottom-right:0px;--awb-border-radius-bottom-left:0px;--awb-flex-wrap:wrap;\" ><div class=\"fusion-builder-row fusion-row fusion-flex-align-items-flex-start fusion-flex-content-wrap\" style=\"width:104% !important;max-width:104% !important;margin-left: calc(-4% \/ 2 );margin-right: calc(-4% \/ 2 );\"><div class=\"fusion-layout-column fusion_builder_column fusion-builder-column-6 fusion_builder_column_1_1 1_1 fusion-flex-column\" style=\"--awb-padding-left-small:0px;--awb-bg-size:cover;--awb-width-large:100%;--awb-margin-top-large:0px;--awb-spacing-right-large:1.92%;--awb-margin-bottom-large:0px;--awb-spacing-left-large:1.92%;--awb-width-medium:100%;--awb-order-medium:0;--awb-spacing-right-medium:1.92%;--awb-spacing-left-medium:1.92%;--awb-width-small:100%;--awb-order-small:0;--awb-spacing-right-small:1.92%;--awb-spacing-left-small:1.92%;\"><div class=\"fusion-column-wrapper fusion-column-has-shadow fusion-flex-justify-content-flex-start fusion-content-layout-column\"><div class=\"fusion-form-field fusion-form-submit-field fusion-form-label-above\" style=\"\" data-form-id=\"946\"><div ><button type=\"submit\" class=\"fusion-button button-flat fusion-button-default-size button-default fusion-button-default button-1 fusion-button-span-yes  form-form-submit button-default\" style=\"--button_margin-bottom:0px;\" data-hover=\"text_slide_up\" data-form-number=\"946\" tabindex=\"\"><div class=\"awb-button-text-transition\"><span class=\"fusion-button-text\">Enviar<\/span><span class=\"fusion-button-text\">Enviar<\/span><\/div><\/button><\/div><\/div><div class=\"form-submission-notices data-notice_1\" id=\"fusion-notices-1\"><div class=\"fusion-alert alert success alert-success fusion-alert-center fusion-form-response fusion-form-response-success awb-alert-native-link-color alert-dismissable awb-alert-close-boxed\" role=\"alert\"><div class=\"fusion-alert-content-wrapper\"><span class=\"alert-icon\"><i class=\"awb-icon-check-circle\" aria-hidden=\"true\"><\/i><\/span><span class=\"fusion-alert-content\">Gracias por tu mensaje. Ha sido enviado.<\/span><\/div><button type=\"button\" class=\"close toggle-alert\" data-dismiss=\"alert\" aria-label=\"Close\">&times;<\/button><\/div><div class=\"fusion-alert alert error alert-danger fusion-alert-center fusion-form-response fusion-form-response-error awb-alert-native-link-color alert-dismissable awb-alert-close-boxed\" role=\"alert\"><div class=\"fusion-alert-content-wrapper\"><span class=\"alert-icon\"><i class=\"awb-icon-exclamation-triangle\" aria-hidden=\"true\"><\/i><\/span><span class=\"fusion-alert-content\">Se ha producido un error al intentar enviar tu mensaje. Int\u00e9ntelo de nuevo m\u00e1s tarde.<\/span><\/div><button type=\"button\" class=\"close toggle-alert\" data-dismiss=\"alert\" aria-label=\"Close\">&times;<\/button><\/div><\/div><\/div><\/div><\/div><\/div><\/form><\/div><\/div><\/div><div class=\"fusion-layout-column fusion_builder_column fusion-builder-column-7 fusion_builder_column_1_5 1_5 fusion-flex-column\" style=\"--awb-bg-size:cover;--awb-width-large:20%;--awb-margin-top-large:0px;--awb-spacing-right-large:9.6%;--awb-margin-bottom-large:0px;--awb-spacing-left-large:9.6%;--awb-width-medium:20%;--awb-order-medium:0;--awb-spacing-right-medium:9.6%;--awb-spacing-left-medium:9.6%;--awb-width-small:100%;--awb-order-small:0;--awb-spacing-right-small:1.92%;--awb-spacing-left-small:1.92%;\"><div class=\"fusion-column-wrapper fusion-column-has-shadow fusion-flex-justify-content-flex-start fusion-content-layout-column\"><\/div><\/div><\/div><\/section><\/div>\n","protected":false},"excerpt":{"rendered":"","protected":false},"author":1,"featured_media":0,"parent":0,"menu_order":0,"comment_status":"closed","ping_status":"closed","template":"100-width.php","meta":{"_uf_show_specific_survey":0,"_uf_disable_surveys":false,"footnotes":""},"class_list":["post-103","page","type-page","status-publish","hentry"],"yoast_head":"<!-- This site is optimized with the Yoast SEO plugin v27.4 - https:\/\/yoast.com\/product\/yoast-seo-wordpress\/ -->\n<title>Contacto - Get digital<\/title>\n<meta name=\"description\" content=\"Nuestro enfoque se centra en dise\u00f1ar productos digitales y experiencias que generan un valor significativo en una amplia gama de industrias desde la investigaci\u00f3n de usuarios hasta el dise\u00f1o de interacci\u00f3n y la evaluaci\u00f3n continua.\" \/>\n<meta name=\"robots\" content=\"index, follow, max-snippet:-1, max-image-preview:large, max-video-preview:-1\" \/>\n<link rel=\"canonical\" href=\"https:\/\/getdigital.cl\/index.php\/contacto\/\" \/>\n<meta property=\"og:locale\" content=\"es_ES\" \/>\n<meta property=\"og:type\" content=\"article\" \/>\n<meta property=\"og:title\" content=\"Contacto - Get digital\" \/>\n<meta property=\"og:description\" content=\"Nuestro enfoque se centra en dise\u00f1ar productos digitales y experiencias que generan un valor significativo en una amplia gama de industrias desde la investigaci\u00f3n de usuarios hasta el dise\u00f1o de interacci\u00f3n y la evaluaci\u00f3n continua.\" \/>\n<meta property=\"og:url\" content=\"https:\/\/getdigital.cl\/index.php\/contacto\/\" \/>\n<meta property=\"og:site_name\" content=\"Get digital\" \/>\n<meta property=\"article:modified_time\" content=\"2024-06-06T03:42:21+00:00\" \/>\n<meta name=\"twitter:card\" content=\"summary_large_image\" \/>\n<meta name=\"twitter:label1\" content=\"Tiempo estimado de lectura\" \/>\n\t<meta name=\"twitter:data1\" content=\"2 minutos\" \/>\n<script type=\"application\/ld+json\" class=\"yoast-schema-graph\">{\"@context\":\"https:\\\/\\\/schema.org\",\"@graph\":[{\"@type\":\"WebPage\",\"@id\":\"https:\\\/\\\/getdigital.cl\\\/index.php\\\/contacto\\\/\",\"url\":\"https:\\\/\\\/getdigital.cl\\\/index.php\\\/contacto\\\/\",\"name\":\"Contacto - Get digital\",\"isPartOf\":{\"@id\":\"https:\\\/\\\/getdigital.cl\\\/#website\"},\"datePublished\":\"2023-05-18T15:04:33+00:00\",\"dateModified\":\"2024-06-06T03:42:21+00:00\",\"description\":\"Nuestro enfoque se centra en dise\u00f1ar productos digitales y experiencias que generan un valor significativo en una amplia gama de industrias desde la investigaci\u00f3n de usuarios hasta el dise\u00f1o de interacci\u00f3n y la evaluaci\u00f3n continua.\",\"breadcrumb\":{\"@id\":\"https:\\\/\\\/getdigital.cl\\\/index.php\\\/contacto\\\/#breadcrumb\"},\"inLanguage\":\"es-CL\",\"potentialAction\":[{\"@type\":\"ReadAction\",\"target\":[\"https:\\\/\\\/getdigital.cl\\\/index.php\\\/contacto\\\/\"]}]},{\"@type\":\"BreadcrumbList\",\"@id\":\"https:\\\/\\\/getdigital.cl\\\/index.php\\\/contacto\\\/#breadcrumb\",\"itemListElement\":[{\"@type\":\"ListItem\",\"position\":1,\"name\":\"Portada\",\"item\":\"https:\\\/\\\/getdigital.cl\\\/\"},{\"@type\":\"ListItem\",\"position\":2,\"name\":\"Contacto\"}]},{\"@type\":\"WebSite\",\"@id\":\"https:\\\/\\\/getdigital.cl\\\/#website\",\"url\":\"https:\\\/\\\/getdigital.cl\\\/\",\"name\":\"Get digital\",\"description\":\"Consultores de dise\u00f1o y desarrollo web, consultor\u00eda UX\\\/ UI y dise\u00f1o de producto y servicio digital\",\"potentialAction\":[{\"@type\":\"SearchAction\",\"target\":{\"@type\":\"EntryPoint\",\"urlTemplate\":\"https:\\\/\\\/getdigital.cl\\\/?s={search_term_string}\"},\"query-input\":{\"@type\":\"PropertyValueSpecification\",\"valueRequired\":true,\"valueName\":\"search_term_string\"}}],\"inLanguage\":\"es-CL\"}]}<\/script>\n<!-- \/ Yoast SEO plugin. -->","yoast_head_json":{"title":"Contacto - Get digital","description":"Nuestro enfoque se centra en dise\u00f1ar productos digitales y experiencias que generan un valor significativo en una amplia gama de industrias desde la investigaci\u00f3n de usuarios hasta el dise\u00f1o de interacci\u00f3n y la evaluaci\u00f3n continua.","robots":{"index":"index","follow":"follow","max-snippet":"max-snippet:-1","max-image-preview":"max-image-preview:large","max-video-preview":"max-video-preview:-1"},"canonical":"https:\/\/getdigital.cl\/index.php\/contacto\/","og_locale":"es_ES","og_type":"article","og_title":"Contacto - Get digital","og_description":"Nuestro enfoque se centra en dise\u00f1ar productos digitales y experiencias que generan un valor significativo en una amplia gama de industrias desde la investigaci\u00f3n de usuarios hasta el dise\u00f1o de interacci\u00f3n y la evaluaci\u00f3n continua.","og_url":"https:\/\/getdigital.cl\/index.php\/contacto\/","og_site_name":"Get digital","article_modified_time":"2024-06-06T03:42:21+00:00","twitter_card":"summary_large_image","twitter_misc":{"Tiempo estimado de lectura":"2 minutos"},"schema":{"@context":"https:\/\/schema.org","@graph":[{"@type":"WebPage","@id":"https:\/\/getdigital.cl\/index.php\/contacto\/","url":"https:\/\/getdigital.cl\/index.php\/contacto\/","name":"Contacto - Get digital","isPartOf":{"@id":"https:\/\/getdigital.cl\/#website"},"datePublished":"2023-05-18T15:04:33+00:00","dateModified":"2024-06-06T03:42:21+00:00","description":"Nuestro enfoque se centra en dise\u00f1ar productos digitales y experiencias que generan un valor significativo en una amplia gama de industrias desde la investigaci\u00f3n de usuarios hasta el dise\u00f1o de interacci\u00f3n y la evaluaci\u00f3n continua.","breadcrumb":{"@id":"https:\/\/getdigital.cl\/index.php\/contacto\/#breadcrumb"},"inLanguage":"es-CL","potentialAction":[{"@type":"ReadAction","target":["https:\/\/getdigital.cl\/index.php\/contacto\/"]}]},{"@type":"BreadcrumbList","@id":"https:\/\/getdigital.cl\/index.php\/contacto\/#breadcrumb","itemListElement":[{"@type":"ListItem","position":1,"name":"Portada","item":"https:\/\/getdigital.cl\/"},{"@type":"ListItem","position":2,"name":"Contacto"}]},{"@type":"WebSite","@id":"https:\/\/getdigital.cl\/#website","url":"https:\/\/getdigital.cl\/","name":"Get digital","description":"Consultores de dise\u00f1o y desarrollo web, consultor\u00eda UX\/ UI y dise\u00f1o de producto y servicio digital","potentialAction":[{"@type":"SearchAction","target":{"@type":"EntryPoint","urlTemplate":"https:\/\/getdigital.cl\/?s={search_term_string}"},"query-input":{"@type":"PropertyValueSpecification","valueRequired":true,"valueName":"search_term_string"}}],"inLanguage":"es-CL"}]}},"_links":{"self":[{"href":"https:\/\/getdigital.cl\/index.php\/wp-json\/wp\/v2\/pages\/103","targetHints":{"allow":["GET"]}}],"collection":[{"href":"https:\/\/getdigital.cl\/index.php\/wp-json\/wp\/v2\/pages"}],"about":[{"href":"https:\/\/getdigital.cl\/index.php\/wp-json\/wp\/v2\/types\/page"}],"author":[{"embeddable":true,"href":"https:\/\/getdigital.cl\/index.php\/wp-json\/wp\/v2\/users\/1"}],"replies":[{"embeddable":true,"href":"https:\/\/getdigital.cl\/index.php\/wp-json\/wp\/v2\/comments?post=103"}],"version-history":[{"count":7,"href":"https:\/\/getdigital.cl\/index.php\/wp-json\/wp\/v2\/pages\/103\/revisions"}],"predecessor-version":[{"id":1890,"href":"https:\/\/getdigital.cl\/index.php\/wp-json\/wp\/v2\/pages\/103\/revisions\/1890"}],"wp:attachment":[{"href":"https:\/\/getdigital.cl\/index.php\/wp-json\/wp\/v2\/media?parent=103"}],"curies":[{"name":"wp","href":"https:\/\/api.w.org\/{rel}","templated":true}]}}